{"id":431,"date":"2024-08-30T21:10:28","date_gmt":"2024-08-30T21:10:28","guid":{"rendered":"https:\/\/vrst.hosting.acm.org\/vrst2024\/?page_id=431"},"modified":"2024-08-30T21:10:29","modified_gmt":"2024-08-30T21:10:29","slug":"demos","status":"publish","type":"page","link":"https:\/\/vrst.hosting.acm.org\/vrst2024\/demos\/","title":{"rendered":"Demos"},"content":{"rendered":"\n<h2 class=\"wp-block-heading has-large-font-size\">Demos<\/h2>\n\n\n\n<p><strong>Friday 11th, October<\/strong><\/p>\n\n\n\n<p>All day during breaks<\/p>\n\n\n\n<div style=\"height:29px\" aria-hidden=\"true\" class=\"wp-block-spacer\"><\/div>\n\n\n\n<p>The Guide&#8217;s Apprentices: Engaging Visitors of Virtual Museums through Appropriate Agent Embodiments<\/p>\n\n\n\n<p><em>Ephraim Schott, Irene L\u00f3pez Garc\u00eda, Tony Jan Zoeppig, Manuel Hartmann, Bernd Froehlich<\/em><\/p>\n\n\n\n<div style=\"height:22px\" aria-hidden=\"true\" class=\"wp-block-spacer\"><\/div>\n\n\n\n<p>Hybrid Input Technique for VR Combining Head Mounted Keyboard with Head Pointing<\/p>\n\n\n\n<p><em>Ryoto Nohara, Hironori Ishikawa, Hiroyuki Manabe<\/em><\/p>\n\n\n\n<div style=\"height:22px\" aria-hidden=\"true\" class=\"wp-block-spacer\"><\/div>\n\n\n\n<p>Rendering diffraction Phenomena on rough surfaces in Virtual Reality<\/p>\n\n\n\n<p><em>Olaf Clausen, Arnulph Fuhrmann, Martin Mi\u0161iak, Marc Erich Latoschik, Ricardo Marroquim<\/em><\/p>\n\n\n\n<div style=\"height:22px\" aria-hidden=\"true\" class=\"wp-block-spacer\"><\/div>\n\n\n\n<p>Supporting Wildfire Evacuation Preparedness through a Virtual Reality Simulation<\/p>\n\n\n\n<p><em>Alison Crosby, MJ Johns<\/em><\/p>\n\n\n\n<div style=\"height:22px\" aria-hidden=\"true\" class=\"wp-block-spacer\"><\/div>\n\n\n\n<p>Row your boat in VR and solve thinking exercises on the way: The Brain-Row Challenge<\/p>\n\n\n\n<p><em>Christoph L\u00fcrig, Tilo Mentler, Sven Karstens<\/em><\/p>\n\n\n\n<div style=\"height:22px\" aria-hidden=\"true\" class=\"wp-block-spacer\"><\/div>\n\n\n\n<p>ChronoShore: Diagetic Temporal Exploration in a Simulated Virtual Coast Environment<\/p>\n\n\n\n<p><em>Yuen C. Law, Lucca Troll, Daniel Zielasko<\/em><\/p>\n\n\n\n<div style=\"height:22px\" aria-hidden=\"true\" class=\"wp-block-spacer\"><\/div>\n\n\n\n<p>Virtual Lab &#8211; A VR Showroom for Biosignals Research<\/p>\n\n\n\n<p><em>Asmus Eike Eilks, Ahmed Seyit K\u00fcc\u00fck, Felix Putze, Tanja Schultz<\/em><\/p>\n\n\n\n<div style=\"height:22px\" aria-hidden=\"true\" class=\"wp-block-spacer\"><\/div>\n\n\n\n<p>Hands-On Plant Root System Reconstruction in Virtual Reality<\/p>\n\n\n\n<p><em>Dirk Norbert Baker, Tobias Selzner, Jens Henrik G\u00f6bbert, Hanno Scharr, Morris Riedel, Ebba \u00de\u00f3ra Hvannberg, Andrea Schnepf, Daniel Zielasko<\/em><\/p>\n\n\n\n<div style=\"height:22px\" aria-hidden=\"true\" class=\"wp-block-spacer\"><\/div>\n\n\n\n<p>Cybersicker: An Open Source VR Sickness Testbed &#8211; Do you still have fun, or are you already sick?<\/p>\n\n\n\n<p><em>Daniel Zielasko, Yuen C. Law<\/em><\/p>\n\n\n\n<div style=\"height:22px\" aria-hidden=\"true\" class=\"wp-block-spacer\"><\/div>\n\n\n\n<p>Off-The-Shelf: Exploring 3D Arrangements of See-Through Masks to Switch between Virtual Environments<\/p>\n\n\n\n<p><em>Kevin Linne, Sven Thomas, Martin Weigel<\/em><\/p>\n\n\n\n<div style=\"height:22px\" aria-hidden=\"true\" class=\"wp-block-spacer\"><\/div>\n\n\n\n<p>EcoDive: Enhancing Presence and Ambient Environmental Awareness in a Virtual Reality Experience for Underwater Marine Debris Collection<\/p>\n\n\n\n<p><em>Michael Feldmann, Philipp Geier, Jan Niclas Ruppenthal, Daniel Zielasko<\/em><\/p>\n\n\n\n<div style=\"height:23px\" aria-hidden=\"true\" class=\"wp-block-spacer\"><\/div>\n\n\n\n<p>GazeLock: Gaze- and Lock Pattern-Based Authentication<\/p>\n\n\n\n<p><em>L\u00e1szl\u00f3 Kop\u00e1csi, Tobias Sebastian Schneider, Chiara Karr, Michael Barz, Daniel Sonntag<\/em><\/p>\n\n\n\n<div style=\"height:22px\" aria-hidden=\"true\" class=\"wp-block-spacer\"><\/div>\n\n\n\n<p>Us Xtended &#8211; Tracking and Sensing through Embedded and Embodied Design in Virtual Reality<\/p>\n\n\n\n<p><em>Michaela Pnacekova<\/em><\/p>\n\n\n\n<div style=\"height:20px\" aria-hidden=\"true\" class=\"wp-block-spacer\"><\/div>\n\n\n\n<p>Make America Great Again and Again: How to Adapt Interactive Installation Art for Virtual Reality<\/p>\n\n\n\n<p><em>Byeongwon Ha<\/em><\/p>\n\n\n\n<div style=\"height:19px\" aria-hidden=\"true\" class=\"wp-block-spacer\"><\/div>\n\n\n\n<p>Real-Time Scent Prediction and Release for Video Games<\/p>\n\n\n\n<p><em>Yuchen Zhang, Henry Raymond, Ayca Takmaz, B\u00f6rge Scheel, Henning Metzmacher<\/em><\/p>\n\n\n\n<div style=\"height:18px\" aria-hidden=\"true\" class=\"wp-block-spacer\"><\/div>\n\n\n\n<p>ICELab Demo: an industrial digital-twin and simulator in VR<\/p>\n\n\n\n<p><em>Deborah Pintani, Marco Emporio, Ariel Caputo, Dong Seon Cheng, Lorenzo Genghini, Nicola Tomasoni, Andrea Giachetti<\/em><\/p>\n\n\n\n<div style=\"height:100px\" aria-hidden=\"true\" class=\"wp-block-spacer\"><\/div>\n","protected":false},"excerpt":{"rendered":"<p>Demos Friday 11th, October All day during breaks The Guide&#8217;s Apprentices: Engaging Visitors of Virtual Museums through Appropriate Agent Embodiments Ephraim Schott, Irene L\u00f3pez Garc\u00eda, Tony Jan Zoeppig, Manuel Hartmann, Bernd Froehlich Hybrid Input Technique for VR Combining Head Mounted Keyboard with Head Pointing Ryoto Nohara, Hironori Ishikawa, Hiroyuki Manabe Rendering diffraction Phenomena on rough [&hellip;]<\/p>\n","protected":false},"author":1,"featured_media":0,"parent":0,"menu_order":0,"comment_status":"closed","ping_status":"closed","template":"page-with-sidebar","meta":{"inline_featured_image":false,"footnotes":""},"class_list":["post-431","page","type-page","status-publish","hentry"],"_links":{"self":[{"href":"https:\/\/vrst.hosting.acm.org\/vrst2024\/wp-json\/wp\/v2\/pages\/431","targetHints":{"allow":["GET"]}}],"collection":[{"href":"https:\/\/vrst.hosting.acm.org\/vrst2024\/wp-json\/wp\/v2\/pages"}],"about":[{"href":"https:\/\/vrst.hosting.acm.org\/vrst2024\/wp-json\/wp\/v2\/types\/page"}],"author":[{"embeddable":true,"href":"https:\/\/vrst.hosting.acm.org\/vrst2024\/wp-json\/wp\/v2\/users\/1"}],"replies":[{"embeddable":true,"href":"https:\/\/vrst.hosting.acm.org\/vrst2024\/wp-json\/wp\/v2\/comments?post=431"}],"version-history":[{"count":2,"href":"https:\/\/vrst.hosting.acm.org\/vrst2024\/wp-json\/wp\/v2\/pages\/431\/revisions"}],"predecessor-version":[{"id":438,"href":"https:\/\/vrst.hosting.acm.org\/vrst2024\/wp-json\/wp\/v2\/pages\/431\/revisions\/438"}],"wp:attachment":[{"href":"https:\/\/vrst.hosting.acm.org\/vrst2024\/wp-json\/wp\/v2\/media?parent=431"}],"curies":[{"name":"wp","href":"https:\/\/api.w.org\/{rel}","templated":true}]}}