{"id":402,"date":"2024-08-30T21:00:52","date_gmt":"2024-08-30T21:00:52","guid":{"rendered":"https:\/\/vrst.hosting.acm.org\/vrst2024\/?page_id=402"},"modified":"2024-10-07T14:32:47","modified_gmt":"2024-10-07T14:32:47","slug":"posters","status":"publish","type":"page","link":"https:\/\/vrst.hosting.acm.org\/vrst2024\/posters\/","title":{"rendered":"Posters"},"content":{"rendered":"\n<h2 class=\"wp-block-heading has-large-font-size\">Posters<\/h2>\n\n\n\n<p><strong>Wednesday 9th and Thursday 10th, October<\/strong><\/p>\n\n\n\n<p>All day during breaks<\/p>\n\n\n\n<div style=\"height:41px\" aria-hidden=\"true\" class=\"wp-block-spacer\"><\/div>\n\n\n\n<p><strong>Wednesday 9th<\/strong><\/p>\n\n\n\n<p>Dynamic Difficulty Adjustment in Virtual Reality Exergaming to Regulate Exertion Levels via Heart Rate Monitoring<\/p>\n\n\n\n<p><em>Haruka MuraLucas  K\u00fcntzer, Moritz  Scherer, Tilo  Mentler, Georg  Rock<\/em><em>kami, Vittorio Fiscale, Agata Marta Soccini, Tetsunari Inamura<\/em><\/p>\n\n\n\n<div style=\"height:14px\" aria-hidden=\"true\" class=\"wp-block-spacer\"><\/div>\n\n\n\n<p>Editing of Immersive Recordings<\/p>\n\n\n\n<p><em>Anton Benjamin Lammert, Jonas Lin\u00df, Juan Camilo Garcia Cano, Tony Jan Zoeppig, Bernd Froehlich<\/em><\/p>\n\n\n\n<div style=\"height:14px\" aria-hidden=\"true\" class=\"wp-block-spacer\"><\/div>\n\n\n\n<p>Towards an Avatar Customization System for Semi-realistic Ethnically-diverse Virtual Reality Avatars<\/p>\n\n\n\n<p><em>Nathana\u00ebl Lambert, Matthew Lakier<\/em><\/p>\n\n\n\n<div style=\"height:14px\" aria-hidden=\"true\" class=\"wp-block-spacer\"><\/div>\n\n\n\n<p>Comparing Tracking Accuracy in Standalone MR-HMDs: Apple Vision Pro, Hololens 2, Meta Quest 3, and Pico 4 Pro<\/p>\n\n\n\n<p><em>Long Cheng, Michael Schreiner, Andreas Kunz<\/em><\/p>\n\n\n\n<div style=\"height:14px\" aria-hidden=\"true\" class=\"wp-block-spacer\"><\/div>\n\n\n\n<p>Exploring Alternative Text Input Modalities in Virtual Reality: A Comparative Study<\/p>\n\n\n\n<p><em>Mathias Jans, Jeroen Ceyssens, Kris Luyten<\/em><\/p>\n\n\n\n<div style=\"height:14px\" aria-hidden=\"true\" class=\"wp-block-spacer\"><\/div>\n\n\n\n<p>A Study of Haptic Interaction Techniques Utilizing Body Possession by Virtual Characters<\/p>\n\n\n\n<p><em>Wakana Oshiro, Haruno Kataoka, Masanori Yokoyama, Ryuji Yamamoto<\/em><\/p>\n\n\n\n<div style=\"height:14px\" aria-hidden=\"true\" class=\"wp-block-spacer\"><\/div>\n\n\n\n<p>A Study on the Effectiveness of Augmented Reality Signal-Integrated Camera Monitor Systems for Safe Lane Changing<\/p>\n\n\n\n<p><em>Haechan Lee, Uijong Ju<\/em><\/p>\n\n\n\n<div style=\"height:14px\" aria-hidden=\"true\" class=\"wp-block-spacer\"><\/div>\n\n\n\n<p>Exploring Influencers&#8217; and Users&#8217; Experiences in Douyin&#8217;s Virtual Reality Live-Streaming<\/p>\n\n\n\n<p><em>Rongyi Chen, Jingjia Xiao, Zilu Wang, Menghan Yin, Xianzhe Fan, Zihe Ran, Qing Xiao<\/em><\/p>\n\n\n\n<div style=\"height:14px\" aria-hidden=\"true\" class=\"wp-block-spacer\"><\/div>\n\n\n\n<p>Digital Eyes: Social Implications of XR EyeSight<\/p>\n\n\n\n<p><em>Maurizio Vergari, Tanja Kojic, Wafaa Wardah, Maximilian Warsinke, Sebastian M\u00f6ller, Jan-Niklas Voigt-Antons, Robert Spang<\/em><\/p>\n\n\n\n<div style=\"height:14px\" aria-hidden=\"true\" class=\"wp-block-spacer\"><\/div>\n\n\n\n<p>SOLDAR: Supporting Low-Volume PCB Prototyping Using Collaborative Robots and Augmented Reality<\/p>\n\n\n\n<p><em>Xander Vaes, Dries Cardinaels, Mannu Lambrichts, Raf Ramakers<\/em><\/p>\n\n\n\n<div style=\"height:14px\" aria-hidden=\"true\" class=\"wp-block-spacer\"><\/div>\n\n\n\n<p>Earscape: A VR Auditory Educational Escape Room<\/p>\n\n\n\n<p><em>Christian Tsalidis, Ali Adjorlu, Lone Marianne Percy-Smith, Stefania Serafin<\/em><\/p>\n\n\n\n<div style=\"height:14px\" aria-hidden=\"true\" class=\"wp-block-spacer\"><\/div>\n\n\n\n<p>Testing 360-Degree Video Communication in a Debate Training between Teens: An Exploratory Field Study<\/p>\n\n\n\n<p><em>Marta Orduna, Pablo Perez, Kamil Koniuch, Ester Gonzalez-Sosa, Alvaro Villegas<\/em><\/p>\n\n\n\n<div style=\"height:14px\" aria-hidden=\"true\" class=\"wp-block-spacer\"><\/div>\n\n\n\n<p>3D Human Pose Estimation Using Egocentric Depth Data<\/p>\n\n\n\n<p><em>Seongmin Baek, Youn-Hee Gil, Yejin Kim<\/em><\/p>\n\n\n\n<div style=\"height:14px\" aria-hidden=\"true\" class=\"wp-block-spacer\"><\/div>\n\n\n\n<p>Haptic and Auditory Feedback on Immersive Media\\newline in Virtual Reality<\/p>\n\n\n\n<p><em>Vanessa Pfeiffer, Sebastian von Mammen, Daniel Pohl<\/em><\/p>\n\n\n\n<div style=\"height:14px\" aria-hidden=\"true\" class=\"wp-block-spacer\"><\/div>\n\n\n\n<p>From Ground to Sky: Flying-motion Generation via Motion Dataset Adaptation<\/p>\n\n\n\n<p><em>Jinwoo Jeong, Youngho Chai<\/em><\/p>\n\n\n\n<div style=\"height:14px\" aria-hidden=\"true\" class=\"wp-block-spacer\"><\/div>\n\n\n\n<p>Walking of uphill slopes in immersive virtual environments<\/p>\n\n\n\n<p><em>Michelle Meyer, Markus Zank<\/em><\/p>\n\n\n\n<div style=\"height:14px\" aria-hidden=\"true\" class=\"wp-block-spacer\"><\/div>\n\n\n\n<p>Enhanced Wayfinding Insights Through VR and Eye-Tracking Analysis<\/p>\n\n\n\n<p><em>Gerard T Mulvany, Christian John Dyson Hayes, Tuba Kocaturk, Victoria Duckett, Thuong Hoang, Stefan Greuter<\/em><\/p>\n\n\n\n<div style=\"height:14px\" aria-hidden=\"true\" class=\"wp-block-spacer\"><\/div>\n\n\n\n<p>Pipelining Processors for Decomposing Character Animation<\/p>\n\n\n\n<p><em>Christian Merz, Jonathan Tschanter, Florian Kern, Jean-Luc Lugrin, Carolin Wienrich, Marc Erich Latoschik<\/em><\/p>\n\n\n\n<div style=\"height:14px\" aria-hidden=\"true\" class=\"wp-block-spacer\"><\/div>\n\n\n\n<p>Study of inpainting based on generative AI for noise-canceling HMDs<\/p>\n\n\n\n<p><em>Nobuchika Sakata, Waki Youei<\/em><\/p>\n\n\n\n<div style=\"height:14px\" aria-hidden=\"true\" class=\"wp-block-spacer\"><\/div>\n\n\n\n<p>A Comparison between Vibrotactile Error-correction Feedback on Upper and Lower Body in the VR Snowboard Balancing Task<\/p>\n\n\n\n<p><em>Jaewan Lim, Jiyoung Park, Dohoon Kwak, Yongjae Yoo<\/em><\/p>\n\n\n\n<div style=\"height:38px\" aria-hidden=\"true\" class=\"wp-block-spacer\"><\/div>\n\n\n\n<p><strong>Reproducibility Area<\/strong><\/p>\n\n\n\n<p>Travel Speed, Spatial Awareness, And Implications for Egocentric Target-Selection-Based Teleportation &#8211; A Replication Design<\/p>\n\n\n\n<p><em>Daniel Zielasko, Tim Weissker, Doug Bowman<\/em><\/p>\n\n\n\n<div style=\"height:14px\" aria-hidden=\"true\" class=\"wp-block-spacer\"><\/div>\n\n\n\n<p>Walking &gt; Walking-in-Place &gt; Flying\/Steering &gt; Teleportation? Designing Locomotion Research for Replication and Extension<\/p>\n\n\n\n<p><em>Daniel Zielasko, Gregor Domes, Gerd Bruder, Richard Skarbez, Mary C. Whitton, Anthony Steed<\/em><\/p>\n\n\n\n<div style=\"height:14px\" aria-hidden=\"true\" class=\"wp-block-spacer\"><\/div>\n\n\n\n<div style=\"height:45px\" aria-hidden=\"true\" class=\"wp-block-spacer\"><\/div>\n\n\n\n<div style=\"height:17px\" aria-hidden=\"true\" class=\"wp-block-spacer\"><\/div>\n\n\n\n<p><strong>Thursday 10th<\/strong><\/p>\n\n\n\n<p>Towards Effective Sensorimotor Skill Transfer: Initial Comparison between Haptic Guidance and Disturbance on VR Engraving Arts<\/p>\n\n\n\n<p><em>Jiyoung Park, Jaewan Lim, Taeyoon Lee, Yongjae Yoo<\/em><\/p>\n\n\n\n<div style=\"height:14px\" aria-hidden=\"true\" class=\"wp-block-spacer\"><\/div>\n\n\n\n<p>A Transfer Learning Approach for Music-driven 3D Conducting Motion Generation with Limited Data<\/p>\n\n\n\n<p><em>Jisoo Oh, Jinwoo Jeong, Youngho Chai<\/em><\/p>\n\n\n\n<div style=\"height:14px\" aria-hidden=\"true\" class=\"wp-block-spacer\"><\/div>\n\n\n\n<p>The MASTER XR Platform for Robotics Training in Manufacturing<\/p>\n\n\n\n<p><em>L\u00e1szl\u00f3 Kop\u00e1csi, Panagiotis Karagiannis, Sotiris Makris, Johan Kildal, Andoni Rivera-Pinto, Judit Ruiz de Munain, Jes\u00fas Rosel, Maria Madarieta, Nikolaos Tseregkounis, Konstantina Salagianni, Panagiotis Aivaliotis, Michael Barz, Daniel Sonntag<\/em><\/p>\n\n\n\n<div style=\"height:14px\" aria-hidden=\"true\" class=\"wp-block-spacer\"><\/div>\n\n\n\n<p>Object-Specific and Generic Difference Detection for Non-Destructive Testing Methods<\/p>\n\n\n\n<p><em>Andreas Dietze, Yvonne A Jung, Paul Grimm<\/em><\/p>\n\n\n\n<div style=\"height:14px\" aria-hidden=\"true\" class=\"wp-block-spacer\"><\/div>\n\n\n\n<p>VR4UrbanDev: An Immersive Virtual Reality Experience for Energy Data Visualization<\/p>\n\n\n\n<p><em>Saeed Safikhani, Georg Arbesser Rastburg, Anna Schreuer, J\u00fcrgen Suschek-Berger, Hermann Edtmayer, Johanna Pirker<\/em><\/p>\n\n\n\n<div style=\"height:14px\" aria-hidden=\"true\" class=\"wp-block-spacer\"><\/div>\n\n\n\n<p>Learning From Yourself: Effects of Doppelg\u00e4ngers on Foreign Language Anxiety, Trust, and Learning Outcomes<\/p>\n\n\n\n<p><em>Milana Wolff, Jennifer LaVanchy, Yvonne Swader, Stephanie May, Cade W Anderson, Amy Banic<\/em><\/p>\n\n\n\n<div style=\"height:14px\" aria-hidden=\"true\" class=\"wp-block-spacer\"><\/div>\n\n\n\n<p>UXR-kit: An Ideation Kit and Method for Collaborative and User-Centered Design about Extended Reality systems.<\/p>\n\n\n\n<p><em>Juliette Vauchez, Charles Bailly, Julien Castet<\/em><\/p>\n\n\n\n<div style=\"height:14px\" aria-hidden=\"true\" class=\"wp-block-spacer\"><\/div>\n\n\n\n<p>Cultural Windows: Towards Immersive Journeys into Global Living Spaces<\/p>\n\n\n\n<p><em>Hessam Djavaherpour, Pierre Dragicevic, Yvonne Jansen<\/em><\/p>\n\n\n\n<div style=\"height:14px\" aria-hidden=\"true\" class=\"wp-block-spacer\"><\/div>\n\n\n\n<p>Single Vs Dual: Influence of the Number of Displays on User Experience within Virtually Embodied Conversational Systems<\/p>\n\n\n\n<p><em>Navid Ashrafi, Francesco Vona, Sina Lucia Hinzmann, Philipp Graf, Philipp Lars Harnisch, Jan-Niklas Voigt-Antons<\/em><\/p>\n\n\n\n<div style=\"height:14px\" aria-hidden=\"true\" class=\"wp-block-spacer\"><\/div>\n\n\n\n<p>Single Distance Clipping in Vertex Shader for VR Portal<\/p>\n\n\n\n<p><em>Guodong Rong, Yichao Wang, Steven Lansel<\/em><\/p>\n\n\n\n<div style=\"height:14px\" aria-hidden=\"true\" class=\"wp-block-spacer\"><\/div>\n\n\n\n<p>VReflect: Designing VR-Based Movement Training with Perspectives, Mirrors and Avatars<\/p>\n\n\n\n<p><em>Dennis Dietz, Fabian Berger, Changkun Ou, Francesco Chiossi, Giancarlo Graeber, Andreas Martin Butz, Matthias Hoppe<\/em><\/p>\n\n\n\n<div style=\"height:14px\" aria-hidden=\"true\" class=\"wp-block-spacer\"><\/div>\n\n\n\n<p>A Volumetric Video Application to Enhance Museum Experiences<\/p>\n\n\n\n<p><em>Anh Nguyen, Ariana Huwiler, Philipp Haslbauer, Lam Kit Yung, Thomas Stettler, Anna Flurina K\u00e4lin, Jan L\u00e4ssig, Gareth W. Young, Aljosa Smolic<\/em><\/p>\n\n\n\n<div style=\"height:14px\" aria-hidden=\"true\" class=\"wp-block-spacer\"><\/div>\n\n\n\n<p>Effectiveness of Adaptive Difficulty Settings on Self-efficacy in VR Exercise<\/p>\n\n\n\n<p><em>Yusuke Goutsu, Tetsunari Inamura<\/em><\/p>\n\n\n\n<div style=\"height:14px\" aria-hidden=\"true\" class=\"wp-block-spacer\"><\/div>\n\n\n\n<p>Investigation of Simulator Sickness in Walking with Multiple Locomotion Technologies in Virtual Reality<\/p>\n\n\n\n<p><em>Yu Wang, Jakob Eckkrammer, Martin Kocur, Philipp Wintersberger<\/em><\/p>\n\n\n\n<div style=\"height:14px\" aria-hidden=\"true\" class=\"wp-block-spacer\"><\/div>\n\n\n\n<p>Exploring an XR Indoor Navigation System for Remote Collaboration<\/p>\n\n\n\n<p><em>Rishab Bhattacharyya, Linda Hirsch, Leif Oppermann<\/em><\/p>\n\n\n\n<div style=\"height:14px\" aria-hidden=\"true\" class=\"wp-block-spacer\"><\/div>\n\n\n\n<p>Wheel-Based Attachable Footwear for VR: Challenges and Opportunities in Seated Walking-in-Place Locomotion<\/p>\n\n\n\n<p><em>Zheyu Zhang, Syed Masum Billah<\/em><\/p>\n\n\n\n<div style=\"height:14px\" aria-hidden=\"true\" class=\"wp-block-spacer\"><\/div>\n\n\n\n<p>White Lies in Virtual Reality: Impact on Enjoyment and Fatigue<\/p>\n\n\n\n<p><em>Haruka Murakami, Vittorio Fiscale, Agata Marta Soccini, Tetsunari Inamura<\/em><\/p>\n\n\n\n<div style=\"height:20px\" aria-hidden=\"true\" class=\"wp-block-spacer\"><\/div>\n\n\n\n<p>Does modification of performance results in VR affect user enjoyment and fatigue?<\/p>\n\n\n\n<p><em>Haruka Murakami, Vittorio Fiscale, Agata Marta, Tetsunari Inamura<\/em><\/p>\n\n\n\n<div style=\"height:34px\" aria-hidden=\"true\" class=\"wp-block-spacer\"><\/div>\n\n\n\n<p><strong>Reproducibility Area<\/strong><\/p>\n\n\n\n<p>Fade-to-Black Duration in Egocentric Target-Selection-Based Teleport &#8211; A Replication Design<\/p>\n\n\n\n<p><em>Matthias W\u00f6lwer, Daniel Zielasko<\/em><\/p>\n\n\n\n<div style=\"height:14px\" aria-hidden=\"true\" class=\"wp-block-spacer\"><\/div>\n\n\n\n<p>Generative Multi-Modal Artificial Intelligence for Dynamic Real-Time Context-Aware Content Creation in Augmented Reality<\/p>\n\n\n\n<p><em>Majid Behravan, Denis Gracanin<\/em><\/p>\n\n\n\n<p><\/p>\n\n\n\n<p><\/p>\n\n\n\n<div style=\"height:234px\" aria-hidden=\"true\" class=\"wp-block-spacer\"><\/div>\n","protected":false},"excerpt":{"rendered":"<p>Posters Wednesday 9th and Thursday 10th, October All day during breaks Wednesday 9th Dynamic Difficulty Adjustment in Virtual Reality Exergaming to Regulate Exertion Levels via Heart Rate Monitoring Haruka MuraLucas K\u00fcntzer, Moritz Scherer, Tilo Mentler, Georg Rockkami, Vittorio Fiscale, Agata Marta Soccini, Tetsunari Inamura Editing of Immersive Recordings Anton Benjamin Lammert, Jonas Lin\u00df, Juan Camilo [&hellip;]<\/p>\n","protected":false},"author":1,"featured_media":0,"parent":0,"menu_order":0,"comment_status":"closed","ping_status":"closed","template":"page-with-sidebar","meta":{"inline_featured_image":false,"footnotes":""},"class_list":["post-402","page","type-page","status-publish","hentry"],"_links":{"self":[{"href":"https:\/\/vrst.hosting.acm.org\/vrst2024\/wp-json\/wp\/v2\/pages\/402","targetHints":{"allow":["GET"]}}],"collection":[{"href":"https:\/\/vrst.hosting.acm.org\/vrst2024\/wp-json\/wp\/v2\/pages"}],"about":[{"href":"https:\/\/vrst.hosting.acm.org\/vrst2024\/wp-json\/wp\/v2\/types\/page"}],"author":[{"embeddable":true,"href":"https:\/\/vrst.hosting.acm.org\/vrst2024\/wp-json\/wp\/v2\/users\/1"}],"replies":[{"embeddable":true,"href":"https:\/\/vrst.hosting.acm.org\/vrst2024\/wp-json\/wp\/v2\/comments?post=402"}],"version-history":[{"count":9,"href":"https:\/\/vrst.hosting.acm.org\/vrst2024\/wp-json\/wp\/v2\/pages\/402\/revisions"}],"predecessor-version":[{"id":509,"href":"https:\/\/vrst.hosting.acm.org\/vrst2024\/wp-json\/wp\/v2\/pages\/402\/revisions\/509"}],"wp:attachment":[{"href":"https:\/\/vrst.hosting.acm.org\/vrst2024\/wp-json\/wp\/v2\/media?parent=402"}],"curies":[{"name":"wp","href":"https:\/\/api.w.org\/{rel}","templated":true}]}}